{"id":141,"date":"2014-07-24T20:12:55","date_gmt":"2014-07-24T19:12:55","guid":{"rendered":"\/?page_id=141"},"modified":"2021-05-04T14:02:56","modified_gmt":"2021-05-04T18:02:56","slug":"about","status":"publish","type":"page","link":"\/en\/about\/","title":{"rendered":"About us"},"content":{"rendered":"<p><strong><span lang=\"EN-US\">Boh\u00e8me since 2000 &#8230;<\/span><\/strong><\/p>\n<p><strong><span lang=\"EN-US\">\u00a0\u00a0\u00a0\u00a0 and new <i>ownership<\/i> since 2021 !<\/span><\/strong><b><\/b><\/p>\n<p><span lang=\"EN-US\">Situated in the old Tadoussac general store, Caf\u00e9 Boh\u00e8me is a casual bistro with an effervescent ambiance by day and jazzy feel by night. City-style bistro for some, the charm of the country for others, it remains a travelers\u2019 bistro, just the way we like them!<\/span><\/p>\n<p><span lang=\"EN-US\">Culture, creativity and innovation took up permanent residence from the outset, while equity and quality persist as the very cornerstones of the venture. These values not only attract like-minded clients they also animate the entire Caf\u00e9 Boh\u00e8me team. Born in 2000, Caf\u00e9 Boh\u00e8me has changed hands in April 2021 and became the new passion of French couple Aurore Perrinel and chef Florent Garcia.<\/span><\/p>\n<p><span lang=\"EN-US\">It is our pleasure to greet you !<\/span><\/p>\n<p>&nbsp;<\/p>\n<p><img decoding=\"async\" class=\"aligncenter size-full wp-image-118\" src=\"\/wp-content\/uploads\/2014\/07\/cafe_boheme_logo_old.png\" alt=\"cafe_boheme_logo_old\" width=\"200\" height=\"89\" \/><\/p>\n<p style=\"font-size: 16px; text-align: center;\">EAT WELL\u00a0<code>\u2022\u00a0DRINK WELL<\/code>\u00a0<code>\u2022\u00a0LIVE WELL<\/code><\/p>\n","protected":false},"excerpt":{"rendered":"<p>Boh\u00e8me since 2000 &#8230; \u00a0\u00a0\u00a0\u00a0 and new ownership since 2021 ! Situated in the old Tadoussac general store, Caf\u00e9 Boh\u00e8me is a casual bistro with an effervescent ambiance by day and jazzy feel by night. City-style bistro for some, the charm of the country for others, it remains a travelers\u2019 bistro, just the way we [&hellip;]<\/p>\n","protected":false},"author":1,"featured_media":991,"parent":0,"menu_order":1,"comment_status":"open","ping_status":"open","template":"","meta":{"_acf_changed":false,"footnotes":""},"class_list":["post-141","page","type-page","status-publish","has-post-thumbnail","hentry"],"acf":[],"_links":{"self":[{"href":"https:\/\/mail.lecafeboheme.com\/en\/wp-json\/wp\/v2\/pages\/141","targetHints":{"allow":["GET"]}}],"collection":[{"href":"https:\/\/mail.lecafeboheme.com\/en\/wp-json\/wp\/v2\/pages"}],"about":[{"href":"https:\/\/mail.lecafeboheme.com\/en\/wp-json\/wp\/v2\/types\/page"}],"author":[{"embeddable":true,"href":"https:\/\/mail.lecafeboheme.com\/en\/wp-json\/wp\/v2\/users\/1"}],"replies":[{"embeddable":true,"href":"https:\/\/mail.lecafeboheme.com\/en\/wp-json\/wp\/v2\/comments?post=141"}],"version-history":[{"count":0,"href":"https:\/\/mail.lecafeboheme.com\/en\/wp-json\/wp\/v2\/pages\/141\/revisions"}],"wp:featuredmedia":[{"embeddable":true,"href":"https:\/\/mail.lecafeboheme.com\/en\/wp-json\/wp\/v2\/media\/991"}],"wp:attachment":[{"href":"https:\/\/mail.lecafeboheme.com\/en\/wp-json\/wp\/v2\/media?parent=141"}],"curies":[{"name":"wp","href":"https:\/\/api.w.org\/{rel}","templated":true}]}}